{"id":34,"date":"2023-11-23T08:25:47","date_gmt":"2023-11-23T08:25:47","guid":{"rendered":"https:\/\/hopesbivouac.com\/?page_id=34"},"modified":"2023-11-23T08:36:43","modified_gmt":"2023-11-23T08:36:43","slug":"spletna-trgovina-z-oblacili-iz-merino-volne","status":"publish","type":"page","link":"https:\/\/hopesbivouac.com\/?page_id=34","title":{"rendered":"Spletna trgovina z obla\u010dili iz merino volne"},"content":{"rendered":"\n<p>Dobrodo\u0161li v na\u0161i spletni trgovini z obla\u010dili, kjer se zdru\u017euje kakovost, udobje in trajnost. Ponosno predstavljamo na\u0161o edinstveno kolekcijo obla\u010dil iz najfinej\u0161e novozelandske merino volne, oblikovane in izdelane v srcu Slovenije.<\/p>\n\n\n\n<div style=\"height:15px\" aria-hidden=\"true\" class=\"wp-block-spacer\"><\/div>\n\n\n\n<div class=\"wp-block-buttons is-content-justification-center is-layout-flex wp-container-core-buttons-is-layout-16018d1d wp-block-buttons-is-layout-flex\">\n<div class=\"wp-block-button is-style-fill\"><a class=\"wp-block-button__link has-background has-text-align-center wp-element-button\" href=\"https:\/\/www.merino.si\/merino-trgovina\/merino-zenska-oblacila\" style=\"background-color:#4e2b5c\" target=\"_blank\" rel=\"noreferrer noopener\">\u017denska kolekcija<\/a><\/div>\n\n\n\n<div class=\"wp-block-button is-style-fill\"><a class=\"wp-block-button__link has-background has-text-align-center wp-element-button\" href=\"https:\/\/www.merino.si\/merino-trgovina\/merino-moska-oblacila\" style=\"background-color:#4e2b5c\" target=\"_blank\" rel=\"noreferrer noopener\">Mo\u0161ka kolekcija<\/a><\/div>\n<\/div>\n\n\n\n<div class=\"wp-block-group\"><div class=\"wp-block-group__inner-container is-layout-constrained wp-block-group-is-layout-constrained\">\n<figure class=\"wp-block-gallery has-nested-images columns-default is-cropped wp-block-gallery-1 is-layout-flex wp-block-gallery-is-layout-flex\">\n<figure class=\"wp-block-image size-large\"><img loading=\"lazy\" decoding=\"async\" width=\"819\" height=\"1024\" data-id=\"39\" src=\"https:\/\/hopesbivouac.com\/wp-content\/uploads\/2023\/11\/merino-majice-merino-volna-22-min-819x1024.jpg\" alt=\"\" class=\"wp-image-39\" srcset=\"https:\/\/hopesbivouac.com\/wp-content\/uploads\/2023\/11\/merino-majice-merino-volna-22-min-819x1024.jpg 819w, https:\/\/hopesbivouac.com\/wp-content\/uploads\/2023\/11\/merino-majice-merino-volna-22-min-240x300.jpg 240w, https:\/\/hopesbivouac.com\/wp-content\/uploads\/2023\/11\/merino-majice-merino-volna-22-min-768x960.jpg 768w, https:\/\/hopesbivouac.com\/wp-content\/uploads\/2023\/11\/merino-majice-merino-volna-22-min-1229x1536.jpg 1229w, https:\/\/hopesbivouac.com\/wp-content\/uploads\/2023\/11\/merino-majice-merino-volna-22-min.jpg 1280w\" sizes=\"auto, (max-width: 819px) 100vw, 819px\" \/><\/figure>\n\n\n\n<figure class=\"wp-block-image size-large\"><img loading=\"lazy\" decoding=\"async\" width=\"819\" height=\"1024\" data-id=\"36\" src=\"https:\/\/hopesbivouac.com\/wp-content\/uploads\/2023\/11\/merino-majice-merino-volna-84x-min.jpg\" alt=\"\" class=\"wp-image-36\" srcset=\"https:\/\/hopesbivouac.com\/wp-content\/uploads\/2023\/11\/merino-majice-merino-volna-84x-min.jpg 819w, https:\/\/hopesbivouac.com\/wp-content\/uploads\/2023\/11\/merino-majice-merino-volna-84x-min-240x300.jpg 240w, https:\/\/hopesbivouac.com\/wp-content\/uploads\/2023\/11\/merino-majice-merino-volna-84x-min-768x960.jpg 768w\" sizes=\"auto, (max-width: 819px) 100vw, 819px\" \/><\/figure>\n\n\n\n<figure class=\"wp-block-image size-large\"><img loading=\"lazy\" decoding=\"async\" width=\"819\" height=\"1024\" data-id=\"37\" src=\"https:\/\/hopesbivouac.com\/wp-content\/uploads\/2023\/11\/merino-majice-merino-volna-96xx-min.jpg\" alt=\"\" class=\"wp-image-37\" srcset=\"https:\/\/hopesbivouac.com\/wp-content\/uploads\/2023\/11\/merino-majice-merino-volna-96xx-min.jpg 819w, https:\/\/hopesbivouac.com\/wp-content\/uploads\/2023\/11\/merino-majice-merino-volna-96xx-min-240x300.jpg 240w, https:\/\/hopesbivouac.com\/wp-content\/uploads\/2023\/11\/merino-majice-merino-volna-96xx-min-768x960.jpg 768w\" sizes=\"auto, (max-width: 819px) 100vw, 819px\" \/><\/figure>\n\n\n\n<figure class=\"wp-block-image size-large\"><img loading=\"lazy\" decoding=\"async\" width=\"819\" height=\"1024\" data-id=\"38\" src=\"https:\/\/hopesbivouac.com\/wp-content\/uploads\/2023\/11\/merino-majice-merino-volna-98xx-min.jpg\" alt=\"\" class=\"wp-image-38\" srcset=\"https:\/\/hopesbivouac.com\/wp-content\/uploads\/2023\/11\/merino-majice-merino-volna-98xx-min.jpg 819w, https:\/\/hopesbivouac.com\/wp-content\/uploads\/2023\/11\/merino-majice-merino-volna-98xx-min-240x300.jpg 240w, https:\/\/hopesbivouac.com\/wp-content\/uploads\/2023\/11\/merino-majice-merino-volna-98xx-min-768x960.jpg 768w\" sizes=\"auto, (max-width: 819px) 100vw, 819px\" \/><\/figure>\n<\/figure>\n<\/div><\/div>\n\n\n\n<p class=\"has-text-align-left\"><\/p>\n\n\n\n<p class=\"has-text-align-left\">Na\u0161a trgovina z obla\u010dili je navdihnjena z \u017eeljo po ustvarjanju vrhunskih izdelkov, ki zdru\u017eujejo vrhunsko kakovost in modni dizajn. Merino volna, pridobljena iz novozelandskih merino ovc, je znana po svoji izjemni mehkobi, toploti in zra\u010dnosti. Ta naravna vlakna ne le nudijo brezhibno udobje, temve\u010d tudi ohranjajo toplino telesa v hladnih dneh in zagotavljajo sve\u017eino v toplej\u0161ih mesecih.<\/p>\n\n\n\n<p class=\"has-text-align-left\">Veseli smo, da lahko trdimo, da so vsi na\u0161i izdelki narejeni v Sloveniji. To nam omogo\u010da, da ohranjamo visoke standarde kakovosti, obenem pa podpiramo lokalno gospodarstvo in obrtnike. Na\u0161i oblikovalci skrbno ustvarjajo vsak kos obla\u010dila, da bi zagotovili popolno zdru\u017eitev estetike in funkcionalnosti.<\/p>\n\n\n\n<p class=\"has-text-align-left\">Pri nas ne gre samo za obla\u010dila, temve\u010d tudi za trajnost. Ov\u010dja volna, kot osnovna sestavina na\u0161ih izdelkov, je naravno obnovljiv vir, ki prispeva k zmanj\u0161anju okoljskega vpliva. Verjamemo v odgovorno proizvodnjo in ponujamo strankam mo\u017enost, da izberejo trajnostno modo, ki traja in se ne naveli\u010da.<\/p>\n\n\n\n<p class=\"has-text-align-left\">Vstopite in odkrijte na\u0161o pestro ponudbo obla\u010dil iz novozelandske merino volne. Ne samo, da boste do\u017eiveli vrhunsko udobje, ampak boste tudi podprli lokalno obrt ter pripomogli k trajnostni in modni prihodnosti. Va\u0161a izbira ni samo nakup, temve\u010d tudi korak k bolj trajnostnemu in elegantnemu \u017eivljenjskemu slogu.<\/p>\n","protected":false},"excerpt":{"rendered":"<p>Dobrodo\u0161li v na\u0161i spletni trgovini z obla\u010dili, kjer se zdru\u017euje kakovost, udobje in trajnost. Ponosno predstavljamo na\u0161o edinstveno kolekcijo obla\u010dil iz najfinej\u0161e novozelandske merino volne, oblikovane in izdelane v srcu Slovenije. Na\u0161a trgovina z obla\u010dili je navdihnjena z \u017eeljo po ustvarjanju vrhunskih izdelkov, ki zdru\u017eujejo vrhunsko kakovost in modni dizajn. Merino volna, pridobljena iz novozelandskih &#8230; <a title=\"Spletna trgovina z obla\u010dili iz merino volne\" class=\"read-more\" href=\"https:\/\/hopesbivouac.com\/?page_id=34\" aria-label=\"More on Spletna trgovina z obla\u010dili iz merino volne\">Read more<\/a><\/p>\n","protected":false},"author":1,"featured_media":0,"parent":0,"menu_order":0,"comment_status":"closed","ping_status":"closed","template":"","meta":{"footnotes":""},"class_list":["post-34","page","type-page","status-publish"],"_links":{"self":[{"href":"https:\/\/hopesbivouac.com\/index.php?rest_route=\/wp\/v2\/pages\/34","targetHints":{"allow":["GET"]}}],"collection":[{"href":"https:\/\/hopesbivouac.com\/index.php?rest_route=\/wp\/v2\/pages"}],"about":[{"href":"https:\/\/hopesbivouac.com\/index.php?rest_route=\/wp\/v2\/types\/page"}],"author":[{"embeddable":true,"href":"https:\/\/hopesbivouac.com\/index.php?rest_route=\/wp\/v2\/users\/1"}],"replies":[{"embeddable":true,"href":"https:\/\/hopesbivouac.com\/index.php?rest_route=%2Fwp%2Fv2%2Fcomments&post=34"}],"version-history":[{"count":10,"href":"https:\/\/hopesbivouac.com\/index.php?rest_route=\/wp\/v2\/pages\/34\/revisions"}],"predecessor-version":[{"id":85,"href":"https:\/\/hopesbivouac.com\/index.php?rest_route=\/wp\/v2\/pages\/34\/revisions\/85"}],"wp:attachment":[{"href":"https:\/\/hopesbivouac.com\/index.php?rest_route=%2Fwp%2Fv2%2Fmedia&parent=34"}],"curies":[{"name":"wp","href":"https:\/\/api.w.org\/{rel}","templated":true}]}}